{"id":302,"date":"2022-08-01T09:32:06","date_gmt":"2022-08-01T09:32:06","guid":{"rendered":"https:\/\/lullabay.es\/dalelavuelta\/?page_id=302"},"modified":"2022-08-01T09:35:09","modified_gmt":"2022-08-01T09:35:09","slug":"politica-de-privacidad","status":"publish","type":"page","link":"https:\/\/lullabay.es\/dalelavuelta\/politica-de-privacidad\/","title":{"rendered":"Pol\u00edtica de Privacidad"},"content":{"rendered":"\t\t<div data-elementor-type=\"wp-page\" data-elementor-id=\"302\" class=\"elementor elementor-302\">\n\t\t\t\t\t\t\t\t\t<section class=\"elementor-section elementor-top-section elementor-element elementor-element-8609a81 elementor-section-boxed elementor-section-height-default elementor-section-height-default\" data-id=\"8609a81\" data-element_type=\"section\">\n\t\t\t\t\t\t<div class=\"elementor-container elementor-column-gap-default\">\n\t\t\t\t\t<div class=\"elementor-column elementor-col-100 elementor-top-column elementor-element elementor-element-c0033cc\" data-id=\"c0033cc\" data-element_type=\"column\">\n\t\t\t<div class=\"elementor-widget-wrap elementor-element-populated\">\n\t\t\t\t\t\t\t\t<div class=\"elementor-element elementor-element-ea4f235 elementor-widget elementor-widget-theme-site-logo elementor-widget-image\" data-id=\"ea4f235\" data-element_type=\"widget\" data-widget_type=\"theme-site-logo.default\">\n\t\t\t\t<div class=\"elementor-widget-container\">\n\t\t\t<style>\/*! elementor - v3.11.5 - 14-03-2023 *\/\n.elementor-widget-image{text-align:center}.elementor-widget-image a{display:inline-block}.elementor-widget-image a img[src$=\".svg\"]{width:48px}.elementor-widget-image img{vertical-align:middle;display:inline-block}<\/style>\t\t\t\t\t\t\t\t\t\t\t\t\t<a href=\"https:\/\/lullabay.es\/dalelavuelta\">\n\t\t\t\t\t\t\t<img loading=\"lazy\" decoding=\"async\" width=\"465\" height=\"135\" src=\"https:\/\/lullabay.es\/dalelavuelta\/wp-content\/uploads\/2022\/07\/cropped-Lullabay-Logo.png\" class=\"attachment-full size-full wp-image-215\" alt=\"\" srcset=\"https:\/\/lullabay.es\/dalelavuelta\/wp-content\/uploads\/2022\/07\/cropped-Lullabay-Logo.png 465w, https:\/\/lullabay.es\/dalelavuelta\/wp-content\/uploads\/2022\/07\/cropped-Lullabay-Logo-300x87.png 300w\" sizes=\"auto, (max-width: 465px) 100vw, 465px\" \/>\t\t\t\t\t\t\t\t<\/a>\n\t\t\t\t\t\t\t\t\t\t\t\t\t\t\t<\/div>\n\t\t\t\t<\/div>\n\t\t\t\t<div class=\"elementor-element elementor-element-0a39244 elementor-widget elementor-widget-text-editor\" data-id=\"0a39244\" data-element_type=\"widget\" data-widget_type=\"text-editor.default\">\n\t\t\t\t<div class=\"elementor-widget-container\">\n\t\t\t<style>\/*! elementor - v3.11.5 - 14-03-2023 *\/\n.elementor-widget-text-editor.elementor-drop-cap-view-stacked .elementor-drop-cap{background-color:#818a91;color:#fff}.elementor-widget-text-editor.elementor-drop-cap-view-framed .elementor-drop-cap{color:#818a91;border:3px solid;background-color:transparent}.elementor-widget-text-editor:not(.elementor-drop-cap-view-default) .elementor-drop-cap{margin-top:8px}.elementor-widget-text-editor:not(.elementor-drop-cap-view-default) .elementor-drop-cap-letter{width:1em;height:1em}.elementor-widget-text-editor .elementor-drop-cap{float:left;text-align:center;line-height:1;font-size:50px}.elementor-widget-text-editor .elementor-drop-cap-letter{display:inline-block}<\/style>\t\t\t\t<p><!-- wp:heading {\"level\":3} --><\/p>\n<h3 data-fontsize=\"40\" data-lineheight=\"48\"><strong>Pol\u00edtica de privacidad<\/strong><\/h3>\n<p data-fontsize=\"40\" data-lineheight=\"48\"><strong>1. Identificaci\u00f3n y datos de contacto del Responsable del tratamiento.<\/strong><\/p>\n<p>Bermon Idiomas Consulting, S.L., sociedad domiciliada en C\/ Juli\u00e1n Camarillo, 59 \u2013 28037 Madrid, con CIF\/NIF B-87567319, y tel\u00e9fono&nbsp;<a href=\"tel:910513329\">91 051 33 29<\/a>&nbsp;(en adelante \u00abBermon Idiomas Consulting\u201d) es el responsable del tratamiento de los datos de car\u00e1cter personal que se traten a trav\u00e9s de esta p\u00e1gina web. En la presente cl\u00e1usula se facilita la informaci\u00f3n sobre el uso que realizar\u00e1 Bermon Idiomas Consulting de tus datos personales.<\/p>\n<p>Asimismo, la presente Pol\u00edtica de Privacidad tiene por objeto facilitar informaci\u00f3n sobre los derechos que asisten al usuario de la p\u00e1gina web de Bermon Idiomas Consulting en virtud del Reglamento General de Protecci\u00f3n de Datos (\u201cRGPD\u201d). Si tienes cualquier duda relativa al tratamiento de tus datos personales, contacta con nosotros a trav\u00e9s de la p\u00e1gina de contacto de nuestra&nbsp;<a href=\"https:\/\/lullabay.es\/escuela-de-idiomas-julian-camarillo\/\">web oficial<\/a>.<\/p>\n<p data-fontsize=\"40\" data-lineheight=\"48\"><strong>2. Informaci\u00f3n general: descripci\u00f3n de la informaci\u00f3n contenida en la pol\u00edtica de privacidad.<\/strong><\/p>\n<p>En la presente pol\u00edtica de privacidad se te informar\u00e1 sobre:<\/p>\n<ul>\n<li>Las finalidades del tratamiento de tus datos personales, esto es, el motivo por el cual&nbsp;Bermon Idiomas Consulting trata tus datos personales.<\/li>\n<li>Las bases legales que permiten el tratamiento de datos por parte de la Bermon Idiomas Consulting para la finalidad indicada.<\/li>\n<li>La posible cesi\u00f3n o comunicaci\u00f3n de tus datos a terceros, as\u00ed como la causa de dicha comunicaci\u00f3n. Te informamos de que puedes solicitar mayor detalle de informaci\u00f3n respecto de los destinatarios de tus datos enviando un correo electr\u00f3nico a trav\u00e9s la p\u00e1gina de&nbsp;<a href=\"https:\/\/lullabay.es\/escuela-de-idiomas-julian-camarillo\/\">contacto<\/a>&nbsp;de nuestra web.<\/li>\n<li>La existencia de potenciales transferencias internacionales de datos.<\/li>\n<li>El plazo de conservaci\u00f3n de los datos que nos facilites. A estos efectos te informamos que conservamos tus datos personales durante 1 a\u00f1o. Asimismo, te informamos que posteriormente tus datos permanecer\u00e1n bloqueados para la atenci\u00f3n de reclamaciones judiciales, administrativas o fiscales, por los plazos que legalmente determine cada normativa que resulte de aplicaci\u00f3n.<\/li>\n<\/ul>\n<p data-fontsize=\"40\" data-lineheight=\"48\">\n<\/p><p data-fontsize=\"40\" data-lineheight=\"48\"><strong>3. Informaci\u00f3n necesaria y actualizada.<\/strong><\/p>\n<p>Todos los campos que aparezcan se\u00f1alados con un asterisco (*) en los formularios que se te faciliten ser\u00e1n de obligada cumplimentaci\u00f3n , de tal modo que la omisi\u00f3n de alguno de ellos podr\u00eda comportar la imposibilidad de enviarnos tu contacto para que se te puedan facilitar los servicios solicitados. Deber\u00e1s proporcionar informaci\u00f3n ver\u00eddica, quedando prohibido el uso de alias o medios para ocultar tu identidad.<\/p>\n<p>No podr\u00e1s, a la hora de facilitar cualesquiera datos que se te puedan pedir en el formulario de contacto existente, elegir expresiones o conjuntos gr\u00e1fico-denominativos malsonantes, injuriosos, coincidentes con marcas, nombres comerciales, r\u00f3tulos de establecimientos, denominaciones sociales, expresiones publicitarias, nombres o pseud\u00f3nimos de personajes de relevancia p\u00fablica o famosos para cuya utilizaci\u00f3n no est\u00e9s autorizado, y, en general, contrarios a la ley o a las exigencias de la moral y las buenas costumbres generalmente aceptadas.<\/p>\n<p>Para que la informaci\u00f3n facilitada est\u00e9 siempre actualizada y no contenga errores, deber\u00e1s comunicar a Bermon Idiomas Consulting, a la mayor brevedad posible, las modificaciones y rectificaciones de tus datos de car\u00e1cter personal que se vayan produciendo del a trav\u00e9s de la p\u00e1gina de&nbsp;<a href=\"https:\/\/lullabay.es\/escuela-de-idiomas-julian-camarillo\/\">contacto<\/a>&nbsp;de nuestra web.<\/p>\n<p>Asimismo, al hacer \u201cclick\u201d en el bot\u00f3n \u201cAcepto\u201d (o equivalente) incorporado en los citados formularios de contacto, declaras que la informaci\u00f3n y los datos que en ellos has facilitado son exactos y veraces.<\/p>\n<p data-fontsize=\"40\" data-lineheight=\"48\"><strong>4. Ejercicio de tus derechos.<\/strong><\/p>\n<p>Te informamos de que podr\u00e1s ejercer los siguientes derechos:<\/p>\n<ol>\n<li>Derecho de acceso a tus datos personales para saber cu\u00e1les est\u00e1n siendo objeto de tratamiento y las operaciones de tratamiento llevadas a cabo con ellos;<\/li>\n<li>Derecho de rectificaci\u00f3n de cualquier dato personal inexacto;<\/li>\n<li>Derecho de supresi\u00f3n de sus datos personales, cuando esto sea posible;<\/li>\n<li>Derecho a solicitar la limitaci\u00f3n del tratamiento de tus datos personales cuando la exactitud, la legalidad o la necesidad del tratamiento de los datos resulte dudosa, en cuyo caso, podremos conservar los datos bloqueados para el ejercicio o la defensa de reclamaciones.<\/li>\n<li>Derecho de oposici\u00f3n al tratamiento de tus datos personales, cuando la base legal que nos habilite para su tratamiento de las indicadas en la tabla incluida en el apartado 5 sea el inter\u00e9s leg\u00edtimo. Bermon Idiomas Consulting dejar\u00e1 de tratar tus datos salvo que tenga un inter\u00e9s leg\u00edtimo imperioso o para la formulaci\u00f3n, ejercicio o defensa de reclamaciones.<\/li>\n<\/ol>\n<p>Podr\u00e1s ejercitar tus derechos en cualquier momento y de forma gratuita dirigiendo un correo electr\u00f3nico a trav\u00e9s de la p\u00e1gina de contacto de nuestra web indicando el derecho que deseas ejercitar y tus datos identificativos.<\/p>\n<p>Por otra parte te informamos que tienes derecho a presentar una reclamaci\u00f3n ante la Agencia Espa\u00f1ola de Protecci\u00f3n de Datos si consideras que se ha cometido una infracci\u00f3n de la legislaci\u00f3n en materia de protecci\u00f3n de datos respecto al tratamiento de tus datos personales.<\/p>\n<p data-fontsize=\"40\" data-lineheight=\"48\"><strong>5. Seguridad.<\/strong><\/p>\n<p>Bermon Idiomas Consulting ha implementado y mantiene los niveles de seguridad exigidos por el RGPD para proteger los datos de car\u00e1cter personal de los interesados frente a p\u00e9rdidas fortuitas y a accesos, tratamientos o revelaciones no autorizados, habida cuenta del estado de la tecnolog\u00eda, la naturaleza de los datos almacenados y los riesgos a que est\u00e1n expuestos. No obstante, la transmisi\u00f3n de informaci\u00f3n a trav\u00e9s de Internet no es totalmente segura; por ello, y a pesar de que Bermon Idiomas Consulting realiza sus mejores esfuerzos para proteger los datos de los interesados, no puede garantizar la seguridad de los mismos durante el tr\u00e1nsito hasta su web. Por tanto, toda la informaci\u00f3n que facilites, se enviar\u00e1 por tu cuenta y riesgo. Una vez recibidos tus datos, Bermon Idiomas Consulting utilizar\u00e1 rigurosos procedimientos y funciones de seguridad para impedir cualquier acceso no autorizado.<\/p>\n<p data-fontsize=\"40\" data-lineheight=\"48\"><strong>6. Confidencialidad.<\/strong><\/p>\n<p>Los datos personales que podamos recabar a trav\u00e9s del sitio web o por medio de las distintas comunicaciones que mantengamos contigo ser\u00e1n tratados con confidencialidad, comprometi\u00e9ndonos a guardar secreto respecto de los mismos de acuerdo con lo establecido en la legislaci\u00f3n aplicable.<\/p>\n<p data-fontsize=\"40\" data-lineheight=\"48\"><strong>7. Menores<\/strong><\/p>\n<p>Los menores de 18 a\u00f1os de edad no podr\u00e1n usar los servicios disponibles a trav\u00e9s del sitio web. En este sentido, y en la medida en que la Bermon Idiomas Consulting no tiene capacidad para controlar si los interesados son o no menores de edad, se advierte de que deber\u00e1n ser los padres y tutores quienes habiliten los mecanismos necesarios para evitar que los menores accedan a la web y\/o faciliten datos de car\u00e1cter personal sin su supervisi\u00f3n, no admitiendo la Bermon Idiomas Consulting responsabilidad alguna al respecto.<\/p>\n<p data-fontsize=\"40\" data-lineheight=\"48\"><strong>8 Actualizaci\u00f3n de la pol\u00edtica de privacidad.<\/strong><\/p>\n<p>Es posible que se deba actualizar esta Pol\u00edtica de Privacidad; por ello es necesario que revises esta pol\u00edtica peri\u00f3dicamente y si es posible cada vez que accedas a nuestra web con el objetivo de estar adecuadamente informado sobre el tipo de informaci\u00f3n recopilada y su tratamiento. Puedes encontrar la Pol\u00edtica de Privacidad al pie del sitio web. No obstante lo anterior, te comunicaremos cualquier modificaci\u00f3n de la presente pol\u00edtica de privacidad que afecte al tratamiento de tus datos personales.<\/p>\n<p><strong>La Pol\u00edtica de Privacidad est\u00e1 vigente desde el 25 de noviembre de 2018.<\/strong><\/p>\n<p><!-- \/wp:paragraph --><\/p>\t\t\t\t\t\t<\/div>\n\t\t\t\t<\/div>\n\t\t\t\t<div class=\"elementor-element elementor-element-37fc21a elementor-widget elementor-widget-button\" data-id=\"37fc21a\" data-element_type=\"widget\" data-widget_type=\"button.default\">\n\t\t\t\t<div class=\"elementor-widget-container\">\n\t\t\t\t\t<div class=\"elementor-button-wrapper\">\n\t\t\t<a href=\"https:\/\/lullabay.es\/dalelavuelta\" class=\"elementor-button-link elementor-button elementor-size-sm\" role=\"button\">\n\t\t\t\t\t\t<span class=\"elementor-button-content-wrapper\">\n\t\t\t\t\t\t\t<span class=\"elementor-button-icon elementor-align-icon-left\">\n\t\t\t\t<i aria-hidden=\"true\" class=\"fas fa-angle-right\"><\/i>\t\t\t<\/span>\n\t\t\t\t\t\t<span class=\"elementor-button-text\">Volver a la p\u00e1gina de inicio<\/span>\n\t\t<\/span>\n\t\t\t\t\t<\/a>\n\t\t<\/div>\n\t\t\t\t<\/div>\n\t\t\t\t<\/div>\n\t\t\t\t\t<\/div>\n\t\t<\/div>\n\t\t\t\t\t\t\t<\/div>\n\t\t<\/section>\n\t\t\t\t\t\t\t<\/div>\n\t\t","protected":false},"excerpt":{"rendered":"<p>Pol\u00edtica de privacidad 1. Identificaci\u00f3n y datos de contacto del Responsable del tratamiento. Bermon Idiomas Consulting, S.L., sociedad domiciliada en C\/ Juli\u00e1n Camarillo, 59 \u2013 28037 Madrid, con CIF\/NIF B-87567319, y tel\u00e9fono&nbsp;91 051 33 29&nbsp;(en adelante \u00abBermon Idiomas Consulting\u201d) es el responsable del tratamiento de los datos de car\u00e1cter personal que se traten a trav\u00e9s [&hellip;]<\/p>\n","protected":false},"author":1,"featured_media":0,"parent":0,"menu_order":0,"comment_status":"closed","ping_status":"closed","template":"elementor_canvas","meta":{"footnotes":""},"class_list":["post-302","page","type-page","status-publish","hentry"],"_links":{"self":[{"href":"https:\/\/lullabay.es\/dalelavuelta\/wp-json\/wp\/v2\/pages\/302","targetHints":{"allow":["GET"]}}],"collection":[{"href":"https:\/\/lullabay.es\/dalelavuelta\/wp-json\/wp\/v2\/pages"}],"about":[{"href":"https:\/\/lullabay.es\/dalelavuelta\/wp-json\/wp\/v2\/types\/page"}],"author":[{"embeddable":true,"href":"https:\/\/lullabay.es\/dalelavuelta\/wp-json\/wp\/v2\/users\/1"}],"replies":[{"embeddable":true,"href":"https:\/\/lullabay.es\/dalelavuelta\/wp-json\/wp\/v2\/comments?post=302"}],"version-history":[{"count":4,"href":"https:\/\/lullabay.es\/dalelavuelta\/wp-json\/wp\/v2\/pages\/302\/revisions"}],"predecessor-version":[{"id":312,"href":"https:\/\/lullabay.es\/dalelavuelta\/wp-json\/wp\/v2\/pages\/302\/revisions\/312"}],"wp:attachment":[{"href":"https:\/\/lullabay.es\/dalelavuelta\/wp-json\/wp\/v2\/media?parent=302"}],"curies":[{"name":"wp","href":"https:\/\/api.w.org\/{rel}","templated":true}]}}