{"id":300,"date":"2022-08-01T09:22:47","date_gmt":"2022-08-01T09:22:47","guid":{"rendered":"https:\/\/lullabay.es\/dalelavuelta\/?page_id=300"},"modified":"2022-08-01T09:35:47","modified_gmt":"2022-08-01T09:35:47","slug":"politica-de-cookies","status":"publish","type":"page","link":"https:\/\/lullabay.es\/dalelavuelta\/politica-de-cookies\/","title":{"rendered":"Pol\u00edtica de Cookies"},"content":{"rendered":"\t\t<div data-elementor-type=\"wp-page\" data-elementor-id=\"300\" class=\"elementor elementor-300\">\n\t\t\t\t\t\t\t\t\t<section class=\"elementor-section elementor-top-section elementor-element elementor-element-5b3e8fc9 elementor-section-boxed elementor-section-height-default elementor-section-height-default\" data-id=\"5b3e8fc9\" data-element_type=\"section\">\n\t\t\t\t\t\t<div class=\"elementor-container elementor-column-gap-default\">\n\t\t\t\t\t<div class=\"elementor-column elementor-col-100 elementor-top-column elementor-element elementor-element-441c994c\" data-id=\"441c994c\" data-element_type=\"column\">\n\t\t\t<div class=\"elementor-widget-wrap elementor-element-populated\">\n\t\t\t\t\t\t\t\t<div class=\"elementor-element elementor-element-ceba8c0 elementor-widget elementor-widget-theme-site-logo elementor-widget-image\" data-id=\"ceba8c0\" data-element_type=\"widget\" data-widget_type=\"theme-site-logo.default\">\n\t\t\t\t<div class=\"elementor-widget-container\">\n\t\t\t<style>\/*! elementor - v3.11.5 - 14-03-2023 *\/\n.elementor-widget-image{text-align:center}.elementor-widget-image a{display:inline-block}.elementor-widget-image a img[src$=\".svg\"]{width:48px}.elementor-widget-image img{vertical-align:middle;display:inline-block}<\/style>\t\t\t\t\t\t\t\t\t\t\t\t\t<a href=\"https:\/\/lullabay.es\/dalelavuelta\">\n\t\t\t\t\t\t\t<img loading=\"lazy\" decoding=\"async\" width=\"465\" height=\"135\" src=\"https:\/\/lullabay.es\/dalelavuelta\/wp-content\/uploads\/2022\/07\/cropped-Lullabay-Logo.png\" class=\"attachment-full size-full wp-image-215\" alt=\"\" srcset=\"https:\/\/lullabay.es\/dalelavuelta\/wp-content\/uploads\/2022\/07\/cropped-Lullabay-Logo.png 465w, https:\/\/lullabay.es\/dalelavuelta\/wp-content\/uploads\/2022\/07\/cropped-Lullabay-Logo-300x87.png 300w\" sizes=\"auto, (max-width: 465px) 100vw, 465px\" \/>\t\t\t\t\t\t\t\t<\/a>\n\t\t\t\t\t\t\t\t\t\t\t\t\t\t\t<\/div>\n\t\t\t\t<\/div>\n\t\t\t\t<div class=\"elementor-element elementor-element-3276227c elementor-widget elementor-widget-text-editor\" data-id=\"3276227c\" data-element_type=\"widget\" data-widget_type=\"text-editor.default\">\n\t\t\t\t<div class=\"elementor-widget-container\">\n\t\t\t<style>\/*! elementor - v3.11.5 - 14-03-2023 *\/\n.elementor-widget-text-editor.elementor-drop-cap-view-stacked .elementor-drop-cap{background-color:#818a91;color:#fff}.elementor-widget-text-editor.elementor-drop-cap-view-framed .elementor-drop-cap{color:#818a91;border:3px solid;background-color:transparent}.elementor-widget-text-editor:not(.elementor-drop-cap-view-default) .elementor-drop-cap{margin-top:8px}.elementor-widget-text-editor:not(.elementor-drop-cap-view-default) .elementor-drop-cap-letter{width:1em;height:1em}.elementor-widget-text-editor .elementor-drop-cap{float:left;text-align:center;line-height:1;font-size:50px}.elementor-widget-text-editor .elementor-drop-cap-letter{display:inline-block}<\/style>\t\t\t\t<p><!-- wp:heading {\"level\":3} --><\/p>\n<h3><strong>POL\u00cdTICA DE COOKIES<\/strong><\/h3>\n<p><!-- \/wp:heading --><!-- wp:paragraph --><\/p>\n<p>En <a href=\"https:\/\/lullabay.es\/dalelavuelta\/\">www.lullabay.es\/dalelavuelta\/\u00a0<\/a>utilizamos cookies para facilitar el uso de nuestras p\u00e1ginas web y adaptar su contenido para que le resulte m\u00e1s \u00fatil.<\/p>\n<p><!-- \/wp:paragraph --><!-- wp:paragraph --><\/p>\n<p>En\u00a0<a href=\"https:\/\/lullabay.es\/dalelavuelta\/\">www.lullabay.es\/dalelavuelta\/\u00a0<\/a>cumplimos con la regulaci\u00f3n normativa referente a las cookies (Ley 34\/2002, de 11 de julio, de servicios de la sociedad de la informaci\u00f3n y de comercio electr\u00f3nico (LSSI), que transpone a la legislaci\u00f3n espa\u00f1ola la Directiva 2009\/136\/CE, tambi\u00e9n llamada Directiva de las cookies y esta p\u00e1gina pretende explicar lo m\u00e1s claramente posible las cookies que utilizamos, los fines para los que se utilizan en las p\u00e1ginas web de\u00a0<a href=\"https:\/\/lullabay.es\/dalelavuelta\/\">www.lullabay.es\/dalelavuelta\/<\/a>\u00a0y las opciones de las que dispone para controlarlas o eliminarlas.<\/p>\n<p><!-- \/wp:paragraph --><!-- wp:paragraph --><\/p>\n<p><strong>\u00bfQu\u00e9 son las cookies?<\/strong><\/p>\n<p><!-- \/wp:paragraph --><!-- wp:paragraph --><\/p>\n<p>Una cookie es un peque\u00f1o archivo con una cadena de caracteres que se coloca y se almacena en el ordenador, m\u00f3vil o cualquier otro dispositivo que use para navegar, cada vez que visita un sitio web.<\/p>\n<p><!-- \/wp:paragraph --><!-- wp:paragraph --><\/p>\n<p>Las cookies utilizadas son almacenadas en el disco duro del usuario pero no pueden leer los datos contenidos en \u00e9l ni leer los archivos cookies creados por otros proveedores. No se recoger\u00e1 ning\u00fan dato de car\u00e1cter personal a trav\u00e9s de las cookies.<\/p>\n<p><!-- \/wp:paragraph --><!-- wp:paragraph --><\/p>\n<p><strong>Ventajas de las cookies<\/strong><\/p>\n<p><!-- \/wp:paragraph --><!-- wp:paragraph --><\/p>\n<p>Las cookies ser\u00e1n utilizadas para poder prestar un mejor servicio a los usuarios, pueden, por ejemplo, recordar sus preferencias, sus elecciones, ayudarnos a saber la forma en la que utiliza nuestras p\u00e1ginas web y adaptar el contenido que se muestra para que le resulte m\u00e1s \u00fatil en funci\u00f3n de sus intereses y necesidades.<\/p>\n<p><!-- \/wp:paragraph --><!-- wp:paragraph --><\/p>\n<p>Ninguna de las cookies utilizadas en nuestras p\u00e1ginas web recopila informaci\u00f3n que le identifique personalmente.<\/p>\n<p><!-- \/wp:paragraph --><!-- wp:paragraph --><\/p>\n<p><strong>Tipos de cookies<\/strong><\/p>\n<p><!-- \/wp:paragraph --><!-- wp:image {\"id\":4698} --><\/p>\n<figure><img decoding=\"async\" src=\"https:\/\/lullabay.es\/wp-content\/uploads\/2018\/11\/cook-2.jpg\" alt=\"\" \/><\/figure>\n<p><!-- \/wp:image --><!-- wp:paragraph --><\/p>\n<p><strong>Cookies propias<\/strong><\/p>\n<p><!-- \/wp:paragraph --><!-- wp:paragraph --><\/p>\n<p>Son aqu\u00e9llas que enviamos a su ordenador o terminal desde nuestra p\u00e1gina web.<\/p>\n<p><!-- \/wp:paragraph --><!-- wp:paragraph --><\/p>\n<p><strong>Cookies de terceros<\/strong><\/p>\n<p><!-- \/wp:paragraph --><!-- wp:paragraph --><\/p>\n<p>Son aqu\u00e9llas que se env\u00edan a su ordenador o terminal desde un dominio o una p\u00e1gina web que no es gestionada por nosotros, sino por otra entidad que trata de los datos obtenidos a trav\u00e9s de las cookies.<\/p>\n<p><!-- \/wp:paragraph --><!-- wp:paragraph --><\/p>\n<p><strong>Cookies de Sesi\u00f3n<\/strong><\/p>\n<p><!-- \/wp:paragraph --><!-- wp:paragraph --><\/p>\n<p>Estas son cookies temporales que permanecen en el archivo de cookies del navegador de su dispositivo hasta que se cierre el navegador.<\/p>\n<p><!-- \/wp:paragraph --><!-- wp:paragraph --><\/p>\n<p>Pueden habilitar ciertas funcionalidades del sitio y tambi\u00e9n son utilizadas por el servidor para guardar\/recordar informaci\u00f3n acerca de las actividades del usuario, por ejemplo, a trav\u00e9s de un proceso online web para evitar tener que volver a introducir la informaci\u00f3n.<\/p>\n<p><!-- \/wp:paragraph --><!-- wp:paragraph --><\/p>\n<p>Las cookies de sesi\u00f3n que utilizamos son estrictamente necesarias para que\u00a0<a href=\"https:\/\/lullabay.es\/dalelavuelta\/\">www.lullabay.es\/dalelavuelta\/\u00a0<\/a>\u00a0pueda funcionar correctamente, incluyendo la obtenci\u00f3n de un presupuesto o para proteger la seguridad de nuestros clientes.<\/p>\n<p><!-- \/wp:paragraph --><!-- wp:paragraph --><\/p>\n<p><strong>Cookies Persistentes<\/strong><\/p>\n<p><!-- \/wp:paragraph --><!-- wp:paragraph --><\/p>\n<p>Estas son las cookies que permanecen en el archivo de cookies de su navegador durante m\u00e1s tiempo (el tiempo depende de la duraci\u00f3n de la cookie espec\u00edfica). En t\u00e9rminos generales, las cookies persistentes pueden ser utilizadas para rastrear visitas al sitio web, y para controlar c\u00f3mo las personas interact\u00faan con un sitio web.<\/p>\n<p><!-- \/wp:paragraph --><!-- wp:paragraph --><\/p>\n<p>Las cookies persistentes utilizadas por\u00a0<a href=\"https:\/\/lullabay.es\/dalelavuelta\/\">www.lullabay.es\/dalelavuelta\/<\/a>\u00a0nos ayudaran a mejorar la experiencia de los usuarios en la p\u00e1gina de\u00a0<a href=\"https:\/\/lullabay.es\/dalelavuelta\/\">www.lullabay.es\/dalelavuelta\/<\/a>, d\u00e1ndonos una idea de c\u00f3mo est\u00e1 siendo usada.<\/p>\n<p><!-- \/wp:paragraph --><!-- wp:paragraph --><\/p>\n<p>Dentro de \u00e9stas se encuentran las cookies de Google Analytics, que se utilizan para compilar estad\u00edsticas agregadas an\u00f3nimas que nos permitan comprender c\u00f3mo los usuarios utilizan nuestro sitio web y para ayudarnos a mejorar la estructura del sitio. Ni nosotros ni ning\u00fan tercero podremos identificarle personalmente de esta manera.<\/p>\n<p><!-- \/wp:paragraph --><!-- wp:paragraph --><\/p>\n<p><strong>Administraci\u00f3n de las cookies<\/strong><\/p>\n<p><!-- \/wp:paragraph --><!-- wp:paragraph --><\/p>\n<p>Puedes permitir, bloquear o eliminar las cookies instaladas en tu ordenador mediante la configuraci\u00f3n de las opciones del navegador instalado en tu ordenador.<\/p>\n<p><!-- \/wp:paragraph --><!-- wp:paragraph --><\/p>\n<p><strong>\u00bfQu\u00e9 cookies utilizamos y para qu\u00e9?<\/strong><\/p>\n<p><!-- \/wp:paragraph --><!-- wp:image {\"id\":4699} --><\/p>\n<figure><img decoding=\"async\" src=\"https:\/\/lullabay.es\/wp-content\/uploads\/2018\/11\/cook-1.jpg\" alt=\"\" \/><\/figure>\n<p><!-- \/wp:image --><!-- wp:paragraph --><\/p>\n<p>Estado de la sesi\u00f3n: Cookies que registran las entradas de datos del usuario en la web. Las utilizamos para poder mejorar la experiencia de navegaci\u00f3n de los usuarios y para el correcto funcionamiento de nuestros servicios.<\/p>\n<p><!-- \/wp:paragraph --><!-- wp:paragraph --><\/p>\n<p>Estad\u00edsticas y An\u00e1lisis Web con Google a trav\u00e9s de la herramienta Google Analytics Cookies que nos ayudan a saber cu\u00e1ntos usuarios visitan\u00a0<a href=\"https:\/\/lullabay.es\/dalelavuelta\/\">www.lullabay.es\/dalelavuelta\/<\/a>, cuantas p\u00e1ginas ven por visita y cuantos usuarios se van, entre otras opciones. Con esta informaci\u00f3n podemos mejorar nuestros servicios y seguir ampliando las funcionalidades.<\/p>\n<p><!-- \/wp:paragraph --><!-- wp:paragraph --><\/p>\n<p>Herramienta de an\u00e1lisis con Ve Interactive Cookies que nos ayudan a hacer un an\u00e1lisis de la eficiencia total en l\u00ednea para el seguimiento de abandono en la p\u00e1gina web<\/p>\n<p><!-- \/wp:paragraph --><!-- wp:paragraph --><\/p>\n<p><strong>Control y eliminaci\u00f3n de cookies<\/strong><\/p>\n<p><!-- \/wp:paragraph --><!-- wp:paragraph --><\/p>\n<p>Usted tiene la posibilidad de aceptar o rechazar las cookies de cualquier sitio web mediante la modificaci\u00f3n de la configuraci\u00f3n de su navegador. Para controlar las cookies la mayor\u00eda de los navegadores le permiten aceptar o rechazar todas las cookies, aceptar solo determinadas cookies o hacer que se le pregunte cada vez que una p\u00e1gina web quiere guardar una cookie. Adem\u00e1s, puede eliminar las cookies que el navegador ya ha guardado en su equipo. Los procesos para controlar y eliminar cookies var\u00edan dependiendo del navegador que utilice. Para informarse de c\u00f3mo hacerlo en un determinado navegador, puede utilizar la funci\u00f3n de Ayuda del mismo.<\/p>\n<p><!-- \/wp:paragraph --><!-- wp:paragraph --><\/p>\n<p>Sin embargo, tenga en cuenta que al eliminar o deshabilitar las cookies \u00e9sto podr\u00eda afectar a la funcionalidad de nuestro sitio web y le impida acceder a ciertas \u00e1reas o caracter\u00edsticas de nuestro sitio.<\/p>\n<p><!-- \/wp:paragraph --><!-- wp:paragraph --><\/p>\n<p>Para optar por no ser rastreados por Google Analytics en todas las p\u00e1ginas web visite\u00a0<a href=\"https:\/\/tools.google.com\/dlpage\/gaoptout?hl=es\" target=\"_blank\" rel=\"noreferrer noopener\">https:\/\/tools.google.com\/dlpage\/gaoptout?hl=es<\/a><\/p>\n<p><!-- \/wp:paragraph --><\/p>\t\t\t\t\t\t<\/div>\n\t\t\t\t<\/div>\n\t\t\t\t<div class=\"elementor-element elementor-element-ce456bb elementor-widget elementor-widget-button\" data-id=\"ce456bb\" data-element_type=\"widget\" data-widget_type=\"button.default\">\n\t\t\t\t<div class=\"elementor-widget-container\">\n\t\t\t\t\t<div class=\"elementor-button-wrapper\">\n\t\t\t<a href=\"https:\/\/lullabay.es\/dalelavuelta\" class=\"elementor-button-link elementor-button elementor-size-sm\" role=\"button\">\n\t\t\t\t\t\t<span class=\"elementor-button-content-wrapper\">\n\t\t\t\t\t\t\t<span class=\"elementor-button-icon elementor-align-icon-left\">\n\t\t\t\t<i aria-hidden=\"true\" class=\"fas fa-angle-right\"><\/i>\t\t\t<\/span>\n\t\t\t\t\t\t<span class=\"elementor-button-text\">Volver a la p\u00e1gina de inicio<\/span>\n\t\t<\/span>\n\t\t\t\t\t<\/a>\n\t\t<\/div>\n\t\t\t\t<\/div>\n\t\t\t\t<\/div>\n\t\t\t\t\t<\/div>\n\t\t<\/div>\n\t\t\t\t\t\t\t<\/div>\n\t\t<\/section>\n\t\t\t\t\t\t\t<\/div>\n\t\t","protected":false},"excerpt":{"rendered":"<p>POL\u00cdTICA DE COOKIES En www.lullabay.es\/dalelavuelta\/\u00a0utilizamos cookies para facilitar el uso de nuestras p\u00e1ginas web y adaptar su contenido para que le resulte m\u00e1s \u00fatil. En\u00a0www.lullabay.es\/dalelavuelta\/\u00a0cumplimos con la regulaci\u00f3n normativa referente a las cookies (Ley 34\/2002, de 11 de julio, de servicios de la sociedad de la informaci\u00f3n y de comercio electr\u00f3nico (LSSI), que transpone a [&hellip;]<\/p>\n","protected":false},"author":1,"featured_media":0,"parent":0,"menu_order":0,"comment_status":"closed","ping_status":"closed","template":"elementor_canvas","meta":{"footnotes":""},"class_list":["post-300","page","type-page","status-publish","hentry"],"_links":{"self":[{"href":"https:\/\/lullabay.es\/dalelavuelta\/wp-json\/wp\/v2\/pages\/300","targetHints":{"allow":["GET"]}}],"collection":[{"href":"https:\/\/lullabay.es\/dalelavuelta\/wp-json\/wp\/v2\/pages"}],"about":[{"href":"https:\/\/lullabay.es\/dalelavuelta\/wp-json\/wp\/v2\/types\/page"}],"author":[{"embeddable":true,"href":"https:\/\/lullabay.es\/dalelavuelta\/wp-json\/wp\/v2\/users\/1"}],"replies":[{"embeddable":true,"href":"https:\/\/lullabay.es\/dalelavuelta\/wp-json\/wp\/v2\/comments?post=300"}],"version-history":[{"count":8,"href":"https:\/\/lullabay.es\/dalelavuelta\/wp-json\/wp\/v2\/pages\/300\/revisions"}],"predecessor-version":[{"id":315,"href":"https:\/\/lullabay.es\/dalelavuelta\/wp-json\/wp\/v2\/pages\/300\/revisions\/315"}],"wp:attachment":[{"href":"https:\/\/lullabay.es\/dalelavuelta\/wp-json\/wp\/v2\/media?parent=300"}],"curies":[{"name":"wp","href":"https:\/\/api.w.org\/{rel}","templated":true}]}}